{"id":986,"date":"2024-05-01T12:37:20","date_gmt":"2024-05-01T10:37:20","guid":{"rendered":"https:\/\/www.atelierpascaud.fr\/?page_id=986"},"modified":"2025-03-17T12:13:54","modified_gmt":"2025-03-17T11:13:54","slug":"meteore-5","status":"publish","type":"page","link":"https:\/\/www.atelierpascaud.fr\/index.php\/meteore-5\/","title":{"rendered":"m\u00e9t\u00e9ore 5"},"content":{"rendered":"\n<p><a href=\"https:\/\/www.atelierpascaud.fr\/index.php\/ceramiques\/\" data-type=\"page\" data-id=\"2\">C\u00c9RAMIQUES<\/a>&gt;<a href=\"https:\/\/www.atelierpascaud.fr\/?page_id=824\">  M\u00c9T\u00c9ORES<\/a>&gt;<\/p>\n\n\n\n<div id=\"wp-block-themeisle-blocks-advanced-columns-79364a4a\" class=\"wp-block-themeisle-blocks-advanced-columns has-1-columns has-desktop-oneTwo-layout has-tablet-equal-layout has-mobile-collapsedRows-layout has-vertical-unset\"><div class=\"wp-block-themeisle-blocks-advanced-columns-overlay\"><\/div><div class=\"innerblocks-wrap\">\n<div id=\"wp-block-themeisle-blocks-advanced-column-b7850147\" class=\"wp-block-themeisle-blocks-advanced-column\">\n<figure class=\"wp-block-gallery has-nested-images columns-default is-cropped wp-block-gallery-1 is-layout-flex wp-block-gallery-is-layout-flex\">\n<figure class=\"wp-block-image\"><a href=\"https:\/\/www.atelierpascaud.fr\/wp-content\/uploads\/2023\/10\/P1150172.jpg\" data-rel=\"lightbox-image-0\" data-rl_title=\"\" data-rl_caption=\"\" title=\"\"><img loading=\"lazy\" decoding=\"async\" width=\"1684\" height=\"1400\" data-id=\"652\" src=\"https:\/\/www.atelierpascaud.fr\/wp-content\/uploads\/2023\/10\/P1150172.jpg\" alt=\"coupe en terre cuite, \u00e9mail bleu\" class=\"wp-image-652\" srcset=\"https:\/\/www.atelierpascaud.fr\/wp-content\/uploads\/2023\/10\/P1150172.jpg 1684w, https:\/\/www.atelierpascaud.fr\/wp-content\/uploads\/2023\/10\/P1150172-600x499.jpg 600w, https:\/\/www.atelierpascaud.fr\/wp-content\/uploads\/2023\/10\/P1150172-300x249.jpg 300w, https:\/\/www.atelierpascaud.fr\/wp-content\/uploads\/2023\/10\/P1150172-1000x831.jpg 1000w, https:\/\/www.atelierpascaud.fr\/wp-content\/uploads\/2023\/10\/P1150172-768x638.jpg 768w, https:\/\/www.atelierpascaud.fr\/wp-content\/uploads\/2023\/10\/P1150172-1536x1277.jpg 1536w\" sizes=\"auto, (max-width: 1684px) 100vw, 1684px\" \/><\/a><\/figure>\n\n\n\n<figure class=\"wp-block-image\"><a href=\"https:\/\/www.atelierpascaud.fr\/wp-content\/uploads\/2023\/10\/P1150181.jpg\" data-rel=\"lightbox-image-1\" data-rl_title=\"\" data-rl_caption=\"\" title=\"\"><img loading=\"lazy\" decoding=\"async\" width=\"1912\" height=\"2112\" data-id=\"653\" src=\"https:\/\/www.atelierpascaud.fr\/wp-content\/uploads\/2023\/10\/P1150181.jpg\" alt=\"coupe en terre cuite, \u00e9mail bleu\" class=\"wp-image-653\" srcset=\"https:\/\/www.atelierpascaud.fr\/wp-content\/uploads\/2023\/10\/P1150181.jpg 1912w, https:\/\/www.atelierpascaud.fr\/wp-content\/uploads\/2023\/10\/P1150181-600x663.jpg 600w, https:\/\/www.atelierpascaud.fr\/wp-content\/uploads\/2023\/10\/P1150181-272x300.jpg 272w, https:\/\/www.atelierpascaud.fr\/wp-content\/uploads\/2023\/10\/P1150181-905x1000.jpg 905w, https:\/\/www.atelierpascaud.fr\/wp-content\/uploads\/2023\/10\/P1150181-768x848.jpg 768w, https:\/\/www.atelierpascaud.fr\/wp-content\/uploads\/2023\/10\/P1150181-1391x1536.jpg 1391w, https:\/\/www.atelierpascaud.fr\/wp-content\/uploads\/2023\/10\/P1150181-1854x2048.jpg 1854w\" sizes=\"auto, (max-width: 1912px) 100vw, 1912px\" \/><\/a><\/figure>\n\n\n\n<figure class=\"wp-block-image\"><a href=\"https:\/\/www.atelierpascaud.fr\/wp-content\/uploads\/2023\/10\/P1150182.jpg\" data-rel=\"lightbox-image-2\" data-rl_title=\"\" data-rl_caption=\"\" title=\"\"><img loading=\"lazy\" decoding=\"async\" width=\"2112\" height=\"1820\" data-id=\"654\" src=\"https:\/\/www.atelierpascaud.fr\/wp-content\/uploads\/2023\/10\/P1150182.jpg\" alt=\"coupe en terre cuite - \u00e9mail bleu\" class=\"wp-image-654\" srcset=\"https:\/\/www.atelierpascaud.fr\/wp-content\/uploads\/2023\/10\/P1150182.jpg 2112w, https:\/\/www.atelierpascaud.fr\/wp-content\/uploads\/2023\/10\/P1150182-600x517.jpg 600w, https:\/\/www.atelierpascaud.fr\/wp-content\/uploads\/2023\/10\/P1150182-300x259.jpg 300w, https:\/\/www.atelierpascaud.fr\/wp-content\/uploads\/2023\/10\/P1150182-1000x862.jpg 1000w, https:\/\/www.atelierpascaud.fr\/wp-content\/uploads\/2023\/10\/P1150182-768x662.jpg 768w, https:\/\/www.atelierpascaud.fr\/wp-content\/uploads\/2023\/10\/P1150182-1536x1324.jpg 1536w, https:\/\/www.atelierpascaud.fr\/wp-content\/uploads\/2023\/10\/P1150182-2048x1765.jpg 2048w\" sizes=\"auto, (max-width: 2112px) 100vw, 2112px\" \/><\/a><\/figure>\n<\/figure>\n<\/div>\n<\/div><\/div>\n\n\n\n<p class=\"has-text-align-center has-small-font-size\" style=\"margin-right:var(--wp--preset--spacing--80);margin-left:var(--wp--preset--spacing--80)\"><em>terre cuite, gla\u00e7ure bleue<\/em><\/p>\n\n\n\n<div style=\"height:200px\" aria-hidden=\"true\" class=\"wp-block-spacer\"><\/div>\n","protected":false},"excerpt":{"rendered":"<p>C\u00c9RAMIQUES&gt; M\u00c9T\u00c9ORES&gt; terre cuite, gla\u00e7ure bleue<\/p>\n","protected":false},"author":1,"featured_media":0,"parent":0,"menu_order":0,"comment_status":"closed","ping_status":"closed","template":"","meta":{"_themeisle_gutenberg_block_has_review":false,"footnotes":""},"class_list":["post-986","page","type-page","status-publish","hentry"],"_links":{"self":[{"href":"https:\/\/www.atelierpascaud.fr\/index.php\/wp-json\/wp\/v2\/pages\/986","targetHints":{"allow":["GET"]}}],"collection":[{"href":"https:\/\/www.atelierpascaud.fr\/index.php\/wp-json\/wp\/v2\/pages"}],"about":[{"href":"https:\/\/www.atelierpascaud.fr\/index.php\/wp-json\/wp\/v2\/types\/page"}],"author":[{"embeddable":true,"href":"https:\/\/www.atelierpascaud.fr\/index.php\/wp-json\/wp\/v2\/users\/1"}],"replies":[{"embeddable":true,"href":"https:\/\/www.atelierpascaud.fr\/index.php\/wp-json\/wp\/v2\/comments?post=986"}],"version-history":[{"count":10,"href":"https:\/\/www.atelierpascaud.fr\/index.php\/wp-json\/wp\/v2\/pages\/986\/revisions"}],"predecessor-version":[{"id":1472,"href":"https:\/\/www.atelierpascaud.fr\/index.php\/wp-json\/wp\/v2\/pages\/986\/revisions\/1472"}],"wp:attachment":[{"href":"https:\/\/www.atelierpascaud.fr\/index.php\/wp-json\/wp\/v2\/media?parent=986"}],"curies":[{"name":"wp","href":"https:\/\/api.w.org\/{rel}","templated":true}]}}