{"id":979,"date":"2024-05-01T12:33:08","date_gmt":"2024-05-01T10:33:08","guid":{"rendered":"https:\/\/www.atelierpascaud.fr\/?page_id=979"},"modified":"2025-03-17T17:03:52","modified_gmt":"2025-03-17T16:03:52","slug":"meteore-3-2","status":"publish","type":"page","link":"https:\/\/www.atelierpascaud.fr\/index.php\/meteore-3-2\/","title":{"rendered":"m\u00e9t\u00e9ore 3"},"content":{"rendered":"\n<p><a href=\"https:\/\/www.atelierpascaud.fr\/index.php\/ceramiques\/\" data-type=\"page\" data-id=\"2\">C\u00c9RAMIQUES<\/a>&gt;<a href=\"https:\/\/www.atelierpascaud.fr\/?page_id=824\">  M\u00c9T\u00c9ORES<\/a>&gt;<\/p>\n\n\n\n<div id=\"wp-block-themeisle-blocks-advanced-columns-74b83c64\" class=\"wp-block-themeisle-blocks-advanced-columns has-1-columns has-desktop-oneTwo-layout has-tablet-equal-layout has-mobile-collapsedRows-layout has-vertical-unset\"><div class=\"wp-block-themeisle-blocks-advanced-columns-overlay\"><\/div><div class=\"innerblocks-wrap\">\n<div id=\"wp-block-themeisle-blocks-advanced-column-aac23664\" class=\"wp-block-themeisle-blocks-advanced-column\">\n<figure class=\"wp-block-gallery has-nested-images columns-default is-cropped wp-block-gallery-1 is-layout-flex wp-block-gallery-is-layout-flex\">\n<figure class=\"wp-block-image\"><a href=\"https:\/\/www.atelierpascaud.fr\/wp-content\/uploads\/2024\/04\/Meteore-1-3-scaled.jpeg\" data-rel=\"lightbox-image-0\" data-rl_title=\"\" data-rl_caption=\"\" title=\"\"><img decoding=\"async\" src=\"https:\/\/www.atelierpascaud.fr\/wp-content\/uploads\/2024\/04\/Meteore-1-3-scaled.jpeg\" alt=\"vase en terre cuite noir\"\/><\/a><\/figure>\n\n\n\n<figure class=\"wp-block-image\"><a href=\"https:\/\/www.atelierpascaud.fr\/wp-content\/uploads\/2024\/04\/Meteore-1-4-scaled.jpeg\" data-rel=\"lightbox-image-1\" data-rl_title=\"\" data-rl_caption=\"\" title=\"\"><img decoding=\"async\" src=\"https:\/\/www.atelierpascaud.fr\/wp-content\/uploads\/2024\/04\/Meteore-1-4-scaled.jpeg\" alt=\"vase en terre cuite noir\"\/><\/a><\/figure>\n\n\n\n<figure class=\"wp-block-image\"><a href=\"https:\/\/www.atelierpascaud.fr\/wp-content\/uploads\/2024\/04\/Meteore-1-2-scaled.jpeg\" data-rel=\"lightbox-image-2\" data-rl_title=\"\" data-rl_caption=\"\" title=\"\"><img decoding=\"async\" src=\"https:\/\/www.atelierpascaud.fr\/wp-content\/uploads\/2024\/04\/Meteore-1-2-scaled.jpeg\" alt=\"vase en terre cuite noir\"\/><\/a><\/figure>\n\n\n\n<figure class=\"wp-block-image\"><a href=\"https:\/\/www.atelierpascaud.fr\/wp-content\/uploads\/2024\/04\/Meteore-1-5-scaled.jpeg\" data-rel=\"lightbox-image-3\" data-rl_title=\"\" data-rl_caption=\"\" title=\"\"><img decoding=\"async\" src=\"https:\/\/www.atelierpascaud.fr\/wp-content\/uploads\/2024\/04\/Meteore-1-5-scaled.jpeg\" alt=\"vase en terre cuite noir\"\/><\/a><\/figure>\n<\/figure>\n<\/div>\n<\/div><\/div>\n\n\n\n<p class=\"has-text-align-center has-small-font-size\" style=\"margin-right:var(--wp--preset--spacing--80);margin-left:var(--wp--preset--spacing--80)\"><em>gr\u00e8s noir chamott\u00e9<\/em><\/p>\n\n\n\n<div style=\"height:129px\" aria-hidden=\"true\" class=\"wp-block-spacer\"><\/div>\n","protected":false},"excerpt":{"rendered":"<p>C\u00c9RAMIQUES&gt; M\u00c9T\u00c9ORES&gt; gr\u00e8s noir chamott\u00e9<\/p>\n","protected":false},"author":1,"featured_media":0,"parent":0,"menu_order":0,"comment_status":"closed","ping_status":"closed","template":"","meta":{"_themeisle_gutenberg_block_has_review":false,"footnotes":""},"class_list":["post-979","page","type-page","status-publish","hentry"],"_links":{"self":[{"href":"https:\/\/www.atelierpascaud.fr\/index.php\/wp-json\/wp\/v2\/pages\/979","targetHints":{"allow":["GET"]}}],"collection":[{"href":"https:\/\/www.atelierpascaud.fr\/index.php\/wp-json\/wp\/v2\/pages"}],"about":[{"href":"https:\/\/www.atelierpascaud.fr\/index.php\/wp-json\/wp\/v2\/types\/page"}],"author":[{"embeddable":true,"href":"https:\/\/www.atelierpascaud.fr\/index.php\/wp-json\/wp\/v2\/users\/1"}],"replies":[{"embeddable":true,"href":"https:\/\/www.atelierpascaud.fr\/index.php\/wp-json\/wp\/v2\/comments?post=979"}],"version-history":[{"count":13,"href":"https:\/\/www.atelierpascaud.fr\/index.php\/wp-json\/wp\/v2\/pages\/979\/revisions"}],"predecessor-version":[{"id":1506,"href":"https:\/\/www.atelierpascaud.fr\/index.php\/wp-json\/wp\/v2\/pages\/979\/revisions\/1506"}],"wp:attachment":[{"href":"https:\/\/www.atelierpascaud.fr\/index.php\/wp-json\/wp\/v2\/media?parent=979"}],"curies":[{"name":"wp","href":"https:\/\/api.w.org\/{rel}","templated":true}]}}