{"id":968,"date":"2024-05-01T12:34:50","date_gmt":"2024-05-01T10:34:50","guid":{"rendered":"https:\/\/www.atelierpascaud.fr\/?page_id=968"},"modified":"2025-03-17T12:09:47","modified_gmt":"2025-03-17T11:09:47","slug":"meteore-4","status":"publish","type":"page","link":"https:\/\/www.atelierpascaud.fr\/index.php\/meteore-4\/","title":{"rendered":"m\u00e9t\u00e9ore 4"},"content":{"rendered":"\n<p><a href=\"https:\/\/www.atelierpascaud.fr\/index.php\/ceramiques\/\" data-type=\"page\" data-id=\"2\">C\u00c9RAMIQUES<\/a>&gt;<a href=\"https:\/\/www.atelierpascaud.fr\/?page_id=824\">  M\u00c9T\u00c9ORES<\/a>&gt;<\/p>\n\n\n\n<div id=\"wp-block-themeisle-blocks-advanced-columns-40d2cd26\" class=\"wp-block-themeisle-blocks-advanced-columns has-1-columns has-desktop-oneTwo-layout has-tablet-equal-layout has-mobile-collapsedRows-layout has-vertical-unset\"><div class=\"wp-block-themeisle-blocks-advanced-columns-overlay\"><\/div><div class=\"innerblocks-wrap\">\n<div id=\"wp-block-themeisle-blocks-advanced-column-ca53eee3\" class=\"wp-block-themeisle-blocks-advanced-column\">\n<figure class=\"wp-block-gallery has-nested-images columns-2 is-cropped wp-block-gallery-1 is-layout-flex wp-block-gallery-is-layout-flex\">\n<figure class=\"wp-block-image\"><a href=\"https:\/\/www.atelierpascaud.fr\/wp-content\/uploads\/2024\/04\/Meteore-4-6-scaled.jpeg\" data-rel=\"lightbox-image-0\" data-rl_title=\"\" data-rl_caption=\"\" title=\"\"><img loading=\"lazy\" decoding=\"async\" width=\"2170\" height=\"2560\" data-id=\"900\" src=\"https:\/\/www.atelierpascaud.fr\/wp-content\/uploads\/2024\/04\/Meteore-4-6-scaled.jpeg\" alt=\"vase en terre cuite\" class=\"wp-image-900\" srcset=\"https:\/\/www.atelierpascaud.fr\/wp-content\/uploads\/2024\/04\/Meteore-4-6-scaled.jpeg 2170w, https:\/\/www.atelierpascaud.fr\/wp-content\/uploads\/2024\/04\/Meteore-4-6-scaled-600x708.jpeg 600w, https:\/\/www.atelierpascaud.fr\/wp-content\/uploads\/2024\/04\/Meteore-4-6-254x300.jpeg 254w, https:\/\/www.atelierpascaud.fr\/wp-content\/uploads\/2024\/04\/Meteore-4-6-848x1000.jpeg 848w, https:\/\/www.atelierpascaud.fr\/wp-content\/uploads\/2024\/04\/Meteore-4-6-768x906.jpeg 768w, https:\/\/www.atelierpascaud.fr\/wp-content\/uploads\/2024\/04\/Meteore-4-6-1302x1536.jpeg 1302w, https:\/\/www.atelierpascaud.fr\/wp-content\/uploads\/2024\/04\/Meteore-4-6-1736x2048.jpeg 1736w\" sizes=\"auto, (max-width: 2170px) 100vw, 2170px\" \/><\/a><\/figure>\n\n\n\n<figure class=\"wp-block-image\"><a href=\"https:\/\/www.atelierpascaud.fr\/wp-content\/uploads\/2024\/04\/Meteore-4-5-scaled.jpeg\" data-rel=\"lightbox-image-1\" data-rl_title=\"\" data-rl_caption=\"\" title=\"\"><img loading=\"lazy\" decoding=\"async\" width=\"2412\" height=\"2560\" data-id=\"899\" src=\"https:\/\/www.atelierpascaud.fr\/wp-content\/uploads\/2024\/04\/Meteore-4-5-scaled.jpeg\" alt=\"vase en terre cuite\" class=\"wp-image-899\" srcset=\"https:\/\/www.atelierpascaud.fr\/wp-content\/uploads\/2024\/04\/Meteore-4-5-scaled.jpeg 2412w, https:\/\/www.atelierpascaud.fr\/wp-content\/uploads\/2024\/04\/Meteore-4-5-scaled-600x637.jpeg 600w, https:\/\/www.atelierpascaud.fr\/wp-content\/uploads\/2024\/04\/Meteore-4-5-283x300.jpeg 283w, https:\/\/www.atelierpascaud.fr\/wp-content\/uploads\/2024\/04\/Meteore-4-5-942x1000.jpeg 942w, https:\/\/www.atelierpascaud.fr\/wp-content\/uploads\/2024\/04\/Meteore-4-5-768x815.jpeg 768w, https:\/\/www.atelierpascaud.fr\/wp-content\/uploads\/2024\/04\/Meteore-4-5-1447x1536.jpeg 1447w, https:\/\/www.atelierpascaud.fr\/wp-content\/uploads\/2024\/04\/Meteore-4-5-1930x2048.jpeg 1930w\" sizes=\"auto, (max-width: 2412px) 100vw, 2412px\" \/><\/a><\/figure>\n\n\n\n<figure class=\"wp-block-image size-large\"><a href=\"https:\/\/www.atelierpascaud.fr\/wp-content\/uploads\/2025\/03\/Meteore-4-1-edited-scaled.jpeg\" data-rel=\"lightbox-image-2\" data-rl_title=\"\" data-rl_caption=\"\" title=\"\"><img loading=\"lazy\" decoding=\"async\" width=\"803\" height=\"1000\" data-id=\"1468\" src=\"https:\/\/www.atelierpascaud.fr\/wp-content\/uploads\/2025\/03\/Meteore-4-1-edited-803x1000.jpeg\" alt=\"vase en terre cuite\" class=\"wp-image-1468\" srcset=\"https:\/\/www.atelierpascaud.fr\/wp-content\/uploads\/2025\/03\/Meteore-4-1-edited-803x1000.jpeg 803w, https:\/\/www.atelierpascaud.fr\/wp-content\/uploads\/2025\/03\/Meteore-4-1-edited-scaled-600x747.jpeg 600w, https:\/\/www.atelierpascaud.fr\/wp-content\/uploads\/2025\/03\/Meteore-4-1-edited-241x300.jpeg 241w, https:\/\/www.atelierpascaud.fr\/wp-content\/uploads\/2025\/03\/Meteore-4-1-edited-768x956.jpeg 768w, https:\/\/www.atelierpascaud.fr\/wp-content\/uploads\/2025\/03\/Meteore-4-1-edited-1234x1536.jpeg 1234w, https:\/\/www.atelierpascaud.fr\/wp-content\/uploads\/2025\/03\/Meteore-4-1-edited-1645x2048.jpeg 1645w\" sizes=\"auto, (max-width: 803px) 100vw, 803px\" \/><\/a><\/figure>\n\n\n\n<figure class=\"wp-block-image\"><a href=\"https:\/\/www.atelierpascaud.fr\/wp-content\/uploads\/2024\/04\/Meteore-4-2-scaled.jpeg\" data-rel=\"lightbox-image-3\" data-rl_title=\"\" data-rl_caption=\"\" title=\"\"><img loading=\"lazy\" decoding=\"async\" width=\"2173\" height=\"2560\" data-id=\"1470\" src=\"https:\/\/www.atelierpascaud.fr\/wp-content\/uploads\/2025\/03\/Meteore-4-2-edited-1-scaled.jpeg\" alt=\"vase en terre cuite\" class=\"wp-image-1470\" srcset=\"https:\/\/www.atelierpascaud.fr\/wp-content\/uploads\/2025\/03\/Meteore-4-2-edited-1-scaled.jpeg 2173w, https:\/\/www.atelierpascaud.fr\/wp-content\/uploads\/2025\/03\/Meteore-4-2-edited-1-scaled-600x707.jpeg 600w, https:\/\/www.atelierpascaud.fr\/wp-content\/uploads\/2025\/03\/Meteore-4-2-edited-1-255x300.jpeg 255w, https:\/\/www.atelierpascaud.fr\/wp-content\/uploads\/2025\/03\/Meteore-4-2-edited-1-849x1000.jpeg 849w, https:\/\/www.atelierpascaud.fr\/wp-content\/uploads\/2025\/03\/Meteore-4-2-edited-1-768x905.jpeg 768w, https:\/\/www.atelierpascaud.fr\/wp-content\/uploads\/2025\/03\/Meteore-4-2-edited-1-1304x1536.jpeg 1304w, https:\/\/www.atelierpascaud.fr\/wp-content\/uploads\/2025\/03\/Meteore-4-2-edited-1-1739x2048.jpeg 1739w\" sizes=\"auto, (max-width: 2173px) 100vw, 2173px\" \/><\/a><\/figure>\n<\/figure>\n<\/div>\n<\/div><\/div>\n\n\n\n<p class=\"has-text-align-center has-small-font-size\" style=\"margin-right:var(--wp--preset--spacing--80);margin-left:var(--wp--preset--spacing--80)\"><em>terre cuite, \u00e9mail m\u00e9tallescent<\/em><\/p>\n\n\n\n<div style=\"height:197px\" aria-hidden=\"true\" class=\"wp-block-spacer\"><\/div>\n","protected":false},"excerpt":{"rendered":"<p>C\u00c9RAMIQUES&gt; M\u00c9T\u00c9ORES&gt; terre cuite, \u00e9mail m\u00e9tallescent<\/p>\n","protected":false},"author":1,"featured_media":0,"parent":0,"menu_order":0,"comment_status":"closed","ping_status":"closed","template":"","meta":{"_themeisle_gutenberg_block_has_review":false,"footnotes":""},"class_list":["post-968","page","type-page","status-publish","hentry"],"_links":{"self":[{"href":"https:\/\/www.atelierpascaud.fr\/index.php\/wp-json\/wp\/v2\/pages\/968","targetHints":{"allow":["GET"]}}],"collection":[{"href":"https:\/\/www.atelierpascaud.fr\/index.php\/wp-json\/wp\/v2\/pages"}],"about":[{"href":"https:\/\/www.atelierpascaud.fr\/index.php\/wp-json\/wp\/v2\/types\/page"}],"author":[{"embeddable":true,"href":"https:\/\/www.atelierpascaud.fr\/index.php\/wp-json\/wp\/v2\/users\/1"}],"replies":[{"embeddable":true,"href":"https:\/\/www.atelierpascaud.fr\/index.php\/wp-json\/wp\/v2\/comments?post=968"}],"version-history":[{"count":13,"href":"https:\/\/www.atelierpascaud.fr\/index.php\/wp-json\/wp\/v2\/pages\/968\/revisions"}],"predecessor-version":[{"id":1466,"href":"https:\/\/www.atelierpascaud.fr\/index.php\/wp-json\/wp\/v2\/pages\/968\/revisions\/1466"}],"wp:attachment":[{"href":"https:\/\/www.atelierpascaud.fr\/index.php\/wp-json\/wp\/v2\/media?parent=968"}],"curies":[{"name":"wp","href":"https:\/\/api.w.org\/{rel}","templated":true}]}}