{"id":906,"date":"2024-05-01T12:22:56","date_gmt":"2024-05-01T10:22:56","guid":{"rendered":"https:\/\/www.atelierpascaud.fr\/?page_id=906"},"modified":"2025-03-17T10:57:09","modified_gmt":"2025-03-17T09:57:09","slug":"meteore-1","status":"publish","type":"page","link":"https:\/\/www.atelierpascaud.fr\/index.php\/meteore-1\/","title":{"rendered":"m\u00e9t\u00e9ore 1"},"content":{"rendered":"\n<p><a href=\"https:\/\/www.atelierpascaud.fr\/index.php\/ceramiques\/\" data-type=\"page\" data-id=\"2\">C\u00c9RAMIQUES<\/a>&gt;<a href=\"https:\/\/www.atelierpascaud.fr\/?page_id=824\">  M\u00c9T\u00c9ORES<\/a>&gt;<\/p>\n\n\n\n<div id=\"wp-block-themeisle-blocks-advanced-columns-088af468\" class=\"wp-block-themeisle-blocks-advanced-columns has-1-columns has-desktop-oneTwo-layout has-tablet-equal-layout has-mobile-collapsedRows-layout has-vertical-unset\"><div class=\"wp-block-themeisle-blocks-advanced-columns-overlay\"><\/div><div class=\"innerblocks-wrap\">\n<div id=\"wp-block-themeisle-blocks-advanced-column-f75d09ce\" class=\"wp-block-themeisle-blocks-advanced-column\">\n<figure class=\"wp-block-gallery has-nested-images columns-2 is-cropped wp-block-gallery-1 is-layout-flex wp-block-gallery-is-layout-flex\">\n<figure class=\"wp-block-image\"><a href=\"https:\/\/www.atelierpascaud.fr\/wp-content\/uploads\/2024\/04\/Meteore-2-2-scaled.jpeg\" data-rel=\"lightbox-image-0\" data-rl_title=\"\" data-rl_caption=\"\" title=\"\"><img loading=\"lazy\" decoding=\"async\" width=\"2202\" height=\"2560\" data-id=\"861\" src=\"https:\/\/www.atelierpascaud.fr\/wp-content\/uploads\/2024\/04\/Meteore-2-2-scaled.jpeg\" alt=\"vase en terre cuite\" class=\"wp-image-861\" srcset=\"https:\/\/www.atelierpascaud.fr\/wp-content\/uploads\/2024\/04\/Meteore-2-2-scaled.jpeg 2202w, https:\/\/www.atelierpascaud.fr\/wp-content\/uploads\/2024\/04\/Meteore-2-2-scaled-600x698.jpeg 600w, https:\/\/www.atelierpascaud.fr\/wp-content\/uploads\/2024\/04\/Meteore-2-2-258x300.jpeg 258w, https:\/\/www.atelierpascaud.fr\/wp-content\/uploads\/2024\/04\/Meteore-2-2-860x1000.jpeg 860w, https:\/\/www.atelierpascaud.fr\/wp-content\/uploads\/2024\/04\/Meteore-2-2-768x893.jpeg 768w, https:\/\/www.atelierpascaud.fr\/wp-content\/uploads\/2024\/04\/Meteore-2-2-1321x1536.jpeg 1321w, https:\/\/www.atelierpascaud.fr\/wp-content\/uploads\/2024\/04\/Meteore-2-2-1761x2048.jpeg 1761w\" sizes=\"auto, (max-width: 2202px) 100vw, 2202px\" \/><\/a><\/figure>\n\n\n\n<figure class=\"wp-block-image\"><a href=\"https:\/\/www.atelierpascaud.fr\/wp-content\/uploads\/2024\/04\/Meteore-2-1-scaled.jpeg\" data-rel=\"lightbox-image-1\" data-rl_title=\"\" data-rl_caption=\"\" title=\"\"><img loading=\"lazy\" decoding=\"async\" width=\"2313\" height=\"2560\" data-id=\"859\" src=\"https:\/\/www.atelierpascaud.fr\/wp-content\/uploads\/2024\/04\/Meteore-2-1-scaled.jpeg\" alt=\"vase en terre cuite\" class=\"wp-image-859\" srcset=\"https:\/\/www.atelierpascaud.fr\/wp-content\/uploads\/2024\/04\/Meteore-2-1-scaled.jpeg 2313w, https:\/\/www.atelierpascaud.fr\/wp-content\/uploads\/2024\/04\/Meteore-2-1-scaled-600x664.jpeg 600w, https:\/\/www.atelierpascaud.fr\/wp-content\/uploads\/2024\/04\/Meteore-2-1-271x300.jpeg 271w, https:\/\/www.atelierpascaud.fr\/wp-content\/uploads\/2024\/04\/Meteore-2-1-904x1000.jpeg 904w, https:\/\/www.atelierpascaud.fr\/wp-content\/uploads\/2024\/04\/Meteore-2-1-768x850.jpeg 768w, https:\/\/www.atelierpascaud.fr\/wp-content\/uploads\/2024\/04\/Meteore-2-1-1388x1536.jpeg 1388w, https:\/\/www.atelierpascaud.fr\/wp-content\/uploads\/2024\/04\/Meteore-2-1-1850x2048.jpeg 1850w\" sizes=\"auto, (max-width: 2313px) 100vw, 2313px\" \/><\/a><\/figure>\n\n\n\n<figure class=\"wp-block-image\"><a href=\"https:\/\/www.atelierpascaud.fr\/wp-content\/uploads\/2024\/04\/Meteore-2-6-scaled.jpeg\" data-rel=\"lightbox-image-2\" data-rl_title=\"\" data-rl_caption=\"\" title=\"\"><img loading=\"lazy\" decoding=\"async\" width=\"2256\" height=\"2560\" data-id=\"869\" src=\"https:\/\/www.atelierpascaud.fr\/wp-content\/uploads\/2024\/04\/Meteore-2-6-scaled.jpeg\" alt=\"vase en terre cuite\" class=\"wp-image-869\" srcset=\"https:\/\/www.atelierpascaud.fr\/wp-content\/uploads\/2024\/04\/Meteore-2-6-scaled.jpeg 2256w, https:\/\/www.atelierpascaud.fr\/wp-content\/uploads\/2024\/04\/Meteore-2-6-scaled-600x681.jpeg 600w, https:\/\/www.atelierpascaud.fr\/wp-content\/uploads\/2024\/04\/Meteore-2-6-264x300.jpeg 264w\" sizes=\"auto, (max-width: 2256px) 100vw, 2256px\" \/><\/a><\/figure>\n\n\n\n<figure class=\"wp-block-image\"><a href=\"https:\/\/www.atelierpascaud.fr\/wp-content\/uploads\/2024\/04\/Meteore-2-1-scaled.jpg\" data-rel=\"lightbox-image-3\" data-rl_title=\"\" data-rl_caption=\"\" title=\"\"><img loading=\"lazy\" decoding=\"async\" width=\"1920\" height=\"2560\" data-id=\"860\" src=\"https:\/\/www.atelierpascaud.fr\/wp-content\/uploads\/2024\/04\/Meteore-2-1-scaled.jpg\" alt=\"vase en terre cuite\" class=\"wp-image-860\" srcset=\"https:\/\/www.atelierpascaud.fr\/wp-content\/uploads\/2024\/04\/Meteore-2-1-scaled.jpg 1920w, https:\/\/www.atelierpascaud.fr\/wp-content\/uploads\/2024\/04\/Meteore-2-1-scaled-600x800.jpg 600w, https:\/\/www.atelierpascaud.fr\/wp-content\/uploads\/2024\/04\/Meteore-2-1-225x300.jpg 225w, https:\/\/www.atelierpascaud.fr\/wp-content\/uploads\/2024\/04\/Meteore-2-1-750x1000.jpg 750w, https:\/\/www.atelierpascaud.fr\/wp-content\/uploads\/2024\/04\/Meteore-2-1-768x1024.jpg 768w\" sizes=\"auto, (max-width: 1920px) 100vw, 1920px\" \/><\/a><\/figure>\n<\/figure>\n<\/div>\n<\/div><\/div>\n\n\n\n<p class=\"has-text-align-center has-small-font-size\" style=\"margin-right:var(--wp--preset--spacing--80);margin-left:var(--wp--preset--spacing--80)\"><em>terre cuite, gla\u00e7ure m\u00e9tallis\u00e9e<\/em><\/p>\n\n\n\n<div style=\"height:200px\" aria-hidden=\"true\" class=\"wp-block-spacer\"><\/div>\n","protected":false},"excerpt":{"rendered":"<p>C\u00c9RAMIQUES&gt; M\u00c9T\u00c9ORES&gt; terre cuite, gla\u00e7ure m\u00e9tallis\u00e9e<\/p>\n","protected":false},"author":1,"featured_media":0,"parent":0,"menu_order":0,"comment_status":"closed","ping_status":"closed","template":"","meta":{"_themeisle_gutenberg_block_has_review":false,"footnotes":""},"class_list":["post-906","page","type-page","status-publish","hentry"],"_links":{"self":[{"href":"https:\/\/www.atelierpascaud.fr\/index.php\/wp-json\/wp\/v2\/pages\/906","targetHints":{"allow":["GET"]}}],"collection":[{"href":"https:\/\/www.atelierpascaud.fr\/index.php\/wp-json\/wp\/v2\/pages"}],"about":[{"href":"https:\/\/www.atelierpascaud.fr\/index.php\/wp-json\/wp\/v2\/types\/page"}],"author":[{"embeddable":true,"href":"https:\/\/www.atelierpascaud.fr\/index.php\/wp-json\/wp\/v2\/users\/1"}],"replies":[{"embeddable":true,"href":"https:\/\/www.atelierpascaud.fr\/index.php\/wp-json\/wp\/v2\/comments?post=906"}],"version-history":[{"count":42,"href":"https:\/\/www.atelierpascaud.fr\/index.php\/wp-json\/wp\/v2\/pages\/906\/revisions"}],"predecessor-version":[{"id":1455,"href":"https:\/\/www.atelierpascaud.fr\/index.php\/wp-json\/wp\/v2\/pages\/906\/revisions\/1455"}],"wp:attachment":[{"href":"https:\/\/www.atelierpascaud.fr\/index.php\/wp-json\/wp\/v2\/media?parent=906"}],"curies":[{"name":"wp","href":"https:\/\/api.w.org\/{rel}","templated":true}]}}