{"id":824,"date":"2024-04-30T19:24:22","date_gmt":"2024-04-30T17:24:22","guid":{"rendered":"https:\/\/www.atelierpascaud.fr\/?page_id=824"},"modified":"2025-03-17T17:02:58","modified_gmt":"2025-03-17T16:02:58","slug":"meteores","status":"publish","type":"page","link":"https:\/\/www.atelierpascaud.fr\/index.php\/meteores\/","title":{"rendered":"M\u00e9t\u00e9ores"},"content":{"rendered":"\n<p><a href=\"https:\/\/www.atelierpascaud.fr\/index.php\/ceramiques\/\">C\u00c9RAMIQUES<\/a>&gt; M\u00c9T\u00c9ORES<\/p>\n\n\n\n<div style=\"height:50px\" aria-hidden=\"true\" class=\"wp-block-spacer\"><\/div>\n\n\n\n<figure class=\"wp-block-gallery has-nested-images columns-default is-cropped wp-block-gallery-1 is-layout-flex wp-block-gallery-is-layout-flex\">\n<figure class=\"wp-block-image size-large\"><a href=\"https:\/\/www.atelierpascaud.fr\/?page_id=906\"><img loading=\"lazy\" decoding=\"async\" width=\"893\" height=\"1000\" data-id=\"863\" src=\"https:\/\/www.atelierpascaud.fr\/wp-content\/uploads\/2024\/04\/Meteore-2-3-893x1000.jpeg\" alt=\"vase en terre cuite\" class=\"wp-image-863\" srcset=\"https:\/\/www.atelierpascaud.fr\/wp-content\/uploads\/2024\/04\/Meteore-2-3-893x1000.jpeg 893w, https:\/\/www.atelierpascaud.fr\/wp-content\/uploads\/2024\/04\/Meteore-2-3-scaled-600x672.jpeg 600w, https:\/\/www.atelierpascaud.fr\/wp-content\/uploads\/2024\/04\/Meteore-2-3-268x300.jpeg 268w, https:\/\/www.atelierpascaud.fr\/wp-content\/uploads\/2024\/04\/Meteore-2-3-768x860.jpeg 768w, https:\/\/www.atelierpascaud.fr\/wp-content\/uploads\/2024\/04\/Meteore-2-3-1371x1536.jpeg 1371w, https:\/\/www.atelierpascaud.fr\/wp-content\/uploads\/2024\/04\/Meteore-2-3-1828x2048.jpeg 1828w\" sizes=\"auto, (max-width: 893px) 100vw, 893px\" \/><\/a><\/figure>\n\n\n\n<figure class=\"wp-block-image size-large\"><a href=\"https:\/\/www.atelierpascaud.fr\/?page_id=949\"><img loading=\"lazy\" decoding=\"async\" width=\"954\" height=\"1000\" data-id=\"875\" src=\"https:\/\/www.atelierpascaud.fr\/wp-content\/uploads\/2024\/04\/Meteore-3-2-954x1000.jpeg\" alt=\"vase en terre cuite\" class=\"wp-image-875\" srcset=\"https:\/\/www.atelierpascaud.fr\/wp-content\/uploads\/2024\/04\/Meteore-3-2-954x1000.jpeg 954w, https:\/\/www.atelierpascaud.fr\/wp-content\/uploads\/2024\/04\/Meteore-3-2-scaled-600x629.jpeg 600w, https:\/\/www.atelierpascaud.fr\/wp-content\/uploads\/2024\/04\/Meteore-3-2-286x300.jpeg 286w, https:\/\/www.atelierpascaud.fr\/wp-content\/uploads\/2024\/04\/Meteore-3-2-768x805.jpeg 768w, https:\/\/www.atelierpascaud.fr\/wp-content\/uploads\/2024\/04\/Meteore-3-2-1466x1536.jpeg 1466w, https:\/\/www.atelierpascaud.fr\/wp-content\/uploads\/2024\/04\/Meteore-3-2-1954x2048.jpeg 1954w\" sizes=\"auto, (max-width: 954px) 100vw, 954px\" \/><\/a><\/figure>\n\n\n\n<figure class=\"wp-block-image size-large\"><a href=\"https:\/\/www.atelierpascaud.fr\/?page_id=979\"><img loading=\"lazy\" decoding=\"async\" width=\"919\" height=\"1000\" data-id=\"855\" src=\"https:\/\/www.atelierpascaud.fr\/wp-content\/uploads\/2024\/04\/Meteore-1-3-919x1000.jpeg\" alt=\"vase en terre cuite noir\" class=\"wp-image-855\" srcset=\"https:\/\/www.atelierpascaud.fr\/wp-content\/uploads\/2024\/04\/Meteore-1-3-919x1000.jpeg 919w, https:\/\/www.atelierpascaud.fr\/wp-content\/uploads\/2024\/04\/Meteore-1-3-scaled-600x653.jpeg 600w, https:\/\/www.atelierpascaud.fr\/wp-content\/uploads\/2024\/04\/Meteore-1-3-276x300.jpeg 276w, https:\/\/www.atelierpascaud.fr\/wp-content\/uploads\/2024\/04\/Meteore-1-3-768x835.jpeg 768w, https:\/\/www.atelierpascaud.fr\/wp-content\/uploads\/2024\/04\/Meteore-1-3-1412x1536.jpeg 1412w, https:\/\/www.atelierpascaud.fr\/wp-content\/uploads\/2024\/04\/Meteore-1-3-1883x2048.jpeg 1883w\" sizes=\"auto, (max-width: 919px) 100vw, 919px\" \/><\/a><\/figure>\n<\/figure>\n\n\n\n<div style=\"height:20px\" aria-hidden=\"true\" class=\"wp-block-spacer\"><\/div>\n\n\n\n<div id=\"wp-block-themeisle-blocks-advanced-columns-5cccc260\" class=\"wp-block-themeisle-blocks-advanced-columns has-1-columns has-desktop-twoOne-layout has-tablet-equal-layout has-mobile-collapsedRows-layout has-vertical-unset\"><div class=\"wp-block-themeisle-blocks-advanced-columns-overlay\"><\/div><div class=\"innerblocks-wrap\">\n<div id=\"wp-block-themeisle-blocks-advanced-column-f4a0f0d8\" class=\"wp-block-themeisle-blocks-advanced-column\">\n<figure class=\"wp-block-gallery has-nested-images columns-default is-cropped wp-block-gallery-2 is-layout-flex wp-block-gallery-is-layout-flex\">\n<figure class=\"wp-block-image size-large\"><a href=\"https:\/\/www.atelierpascaud.fr\/index.php\/meteore-4\/\"><img loading=\"lazy\" decoding=\"async\" width=\"861\" height=\"1000\" data-id=\"898\" src=\"https:\/\/www.atelierpascaud.fr\/wp-content\/uploads\/2024\/04\/Meteore-4-4-861x1000.jpeg\" alt=\"vase en terre cuite\" class=\"wp-image-898\" srcset=\"https:\/\/www.atelierpascaud.fr\/wp-content\/uploads\/2024\/04\/Meteore-4-4-861x1000.jpeg 861w, https:\/\/www.atelierpascaud.fr\/wp-content\/uploads\/2024\/04\/Meteore-4-4-scaled-600x697.jpeg 600w, https:\/\/www.atelierpascaud.fr\/wp-content\/uploads\/2024\/04\/Meteore-4-4-258x300.jpeg 258w, https:\/\/www.atelierpascaud.fr\/wp-content\/uploads\/2024\/04\/Meteore-4-4-768x892.jpeg 768w, https:\/\/www.atelierpascaud.fr\/wp-content\/uploads\/2024\/04\/Meteore-4-4-1323x1536.jpeg 1323w, https:\/\/www.atelierpascaud.fr\/wp-content\/uploads\/2024\/04\/Meteore-4-4-1763x2048.jpeg 1763w\" sizes=\"auto, (max-width: 861px) 100vw, 861px\" \/><\/a><\/figure>\n\n\n\n<figure class=\"wp-block-image size-large\"><a href=\"https:\/\/www.atelierpascaud.fr\/index.php\/meteore-5\/\"><img loading=\"lazy\" decoding=\"async\" width=\"1000\" height=\"831\" data-id=\"652\" src=\"https:\/\/www.atelierpascaud.fr\/wp-content\/uploads\/2023\/10\/P1150172-1000x831.jpg\" alt=\"coupe en terre cuite, \u00e9mail bleu\" class=\"wp-image-652\" srcset=\"https:\/\/www.atelierpascaud.fr\/wp-content\/uploads\/2023\/10\/P1150172-1000x831.jpg 1000w, https:\/\/www.atelierpascaud.fr\/wp-content\/uploads\/2023\/10\/P1150172-600x499.jpg 600w, https:\/\/www.atelierpascaud.fr\/wp-content\/uploads\/2023\/10\/P1150172-300x249.jpg 300w, https:\/\/www.atelierpascaud.fr\/wp-content\/uploads\/2023\/10\/P1150172-768x638.jpg 768w, https:\/\/www.atelierpascaud.fr\/wp-content\/uploads\/2023\/10\/P1150172-1536x1277.jpg 1536w, https:\/\/www.atelierpascaud.fr\/wp-content\/uploads\/2023\/10\/P1150172.jpg 1684w\" sizes=\"auto, (max-width: 1000px) 100vw, 1000px\" \/><\/a><\/figure>\n<\/figure>\n<\/div>\n<\/div><\/div>\n","protected":false},"excerpt":{"rendered":"<p>C\u00c9RAMIQUES&gt; M\u00c9T\u00c9ORES<\/p>\n","protected":false},"author":1,"featured_media":0,"parent":0,"menu_order":0,"comment_status":"closed","ping_status":"closed","template":"","meta":{"_themeisle_gutenberg_block_has_review":false,"footnotes":""},"class_list":["post-824","page","type-page","status-publish","hentry"],"_links":{"self":[{"href":"https:\/\/www.atelierpascaud.fr\/index.php\/wp-json\/wp\/v2\/pages\/824","targetHints":{"allow":["GET"]}}],"collection":[{"href":"https:\/\/www.atelierpascaud.fr\/index.php\/wp-json\/wp\/v2\/pages"}],"about":[{"href":"https:\/\/www.atelierpascaud.fr\/index.php\/wp-json\/wp\/v2\/types\/page"}],"author":[{"embeddable":true,"href":"https:\/\/www.atelierpascaud.fr\/index.php\/wp-json\/wp\/v2\/users\/1"}],"replies":[{"embeddable":true,"href":"https:\/\/www.atelierpascaud.fr\/index.php\/wp-json\/wp\/v2\/comments?post=824"}],"version-history":[{"count":15,"href":"https:\/\/www.atelierpascaud.fr\/index.php\/wp-json\/wp\/v2\/pages\/824\/revisions"}],"predecessor-version":[{"id":1505,"href":"https:\/\/www.atelierpascaud.fr\/index.php\/wp-json\/wp\/v2\/pages\/824\/revisions\/1505"}],"wp:attachment":[{"href":"https:\/\/www.atelierpascaud.fr\/index.php\/wp-json\/wp\/v2\/media?parent=824"}],"curies":[{"name":"wp","href":"https:\/\/api.w.org\/{rel}","templated":true}]}}