{"id":691,"date":"2024-01-11T17:49:35","date_gmt":"2024-01-11T16:49:35","guid":{"rendered":"https:\/\/www.atelierpascaud.fr\/?page_id=691"},"modified":"2025-03-17T17:04:32","modified_gmt":"2025-03-17T16:04:32","slug":"verseuses-2","status":"publish","type":"page","link":"https:\/\/www.atelierpascaud.fr\/index.php\/verseuses-2\/","title":{"rendered":"Verseuses"},"content":{"rendered":"\n<p class=\"has-text-align-left\"><a href=\"https:\/\/www.atelierpascaud.fr\/index.php\/ceramiques\/\" data-type=\"link\" data-id=\"https:\/\/www.atelierpascaud.fr\/index.php\/ceramiques\/\">C\u00c9RAMIQUES <\/a>&gt; VERSEUSES<\/p>\n\n\n\n<div style=\"height:15px\" aria-hidden=\"true\" class=\"wp-block-spacer\"><\/div>\n\n\n\n<div style=\"height:50px\" aria-hidden=\"true\" class=\"wp-block-spacer\"><\/div>\n\n\n\n<figure class=\"wp-block-gallery has-nested-images columns-default is-cropped wp-block-gallery-1 is-layout-flex wp-block-gallery-is-layout-flex\">\n<figure class=\"wp-block-image size-large\"><a href=\"https:\/\/www.atelierpascaud.fr\/?page_id=994\"><img loading=\"lazy\" decoding=\"async\" width=\"876\" height=\"1000\" data-id=\"998\" src=\"https:\/\/www.atelierpascaud.fr\/wp-content\/uploads\/2024\/04\/Verseuse-2024-4-876x1000.jpg\" alt=\"cruche en c\u00e9ramique rouge en forme d'oiseau\" class=\"wp-image-998\" srcset=\"https:\/\/www.atelierpascaud.fr\/wp-content\/uploads\/2024\/04\/Verseuse-2024-4-876x1000.jpg 876w, https:\/\/www.atelierpascaud.fr\/wp-content\/uploads\/2024\/04\/Verseuse-2024-4-scaled-600x685.jpg 600w, https:\/\/www.atelierpascaud.fr\/wp-content\/uploads\/2024\/04\/Verseuse-2024-4-263x300.jpg 263w, https:\/\/www.atelierpascaud.fr\/wp-content\/uploads\/2024\/04\/Verseuse-2024-4-768x877.jpg 768w, https:\/\/www.atelierpascaud.fr\/wp-content\/uploads\/2024\/04\/Verseuse-2024-4-1345x1536.jpg 1345w, https:\/\/www.atelierpascaud.fr\/wp-content\/uploads\/2024\/04\/Verseuse-2024-4-1793x2048.jpg 1793w\" sizes=\"auto, (max-width: 876px) 100vw, 876px\" \/><\/a><\/figure>\n\n\n\n<figure class=\"wp-block-image size-large\"><a href=\"https:\/\/www.atelierpascaud.fr\/?page_id=756\"><img loading=\"lazy\" decoding=\"async\" width=\"762\" height=\"1024\" data-id=\"193\" src=\"https:\/\/www.atelierpascaud.fr\/wp-content\/uploads\/2023\/07\/IMG_0461-762x1024.jpeg\" alt=\"cruche en forme en c\u00e9ramique noire en forme d'oiseau, engobe de terre sigill\u00e9e\" class=\"wp-image-193\" srcset=\"https:\/\/www.atelierpascaud.fr\/wp-content\/uploads\/2023\/07\/IMG_0461-762x1024.jpeg 762w, https:\/\/www.atelierpascaud.fr\/wp-content\/uploads\/2023\/07\/IMG_0461-600x806.jpeg 600w, https:\/\/www.atelierpascaud.fr\/wp-content\/uploads\/2023\/07\/IMG_0461-223x300.jpeg 223w, https:\/\/www.atelierpascaud.fr\/wp-content\/uploads\/2023\/07\/IMG_0461-768x1032.jpeg 768w, https:\/\/www.atelierpascaud.fr\/wp-content\/uploads\/2023\/07\/IMG_0461-1143x1536.jpeg 1143w, https:\/\/www.atelierpascaud.fr\/wp-content\/uploads\/2023\/07\/IMG_0461-1524x2048.jpeg 1524w, https:\/\/www.atelierpascaud.fr\/wp-content\/uploads\/2023\/07\/IMG_0461.jpeg 1530w\" sizes=\"auto, (max-width: 762px) 100vw, 762px\" \/><\/a><\/figure>\n\n\n\n<figure class=\"wp-block-image size-large\"><a href=\"https:\/\/www.atelierpascaud.fr\/index.php\/verseuse-6\/\"><img loading=\"lazy\" decoding=\"async\" width=\"897\" height=\"1000\" data-id=\"995\" src=\"https:\/\/www.atelierpascaud.fr\/wp-content\/uploads\/2024\/04\/Verseuse-2024-1-897x1000.jpg\" alt=\"cruche en c\u00e9ramique rouge en forme d'oiseau\" class=\"wp-image-995\" srcset=\"https:\/\/www.atelierpascaud.fr\/wp-content\/uploads\/2024\/04\/Verseuse-2024-1-897x1000.jpg 897w, https:\/\/www.atelierpascaud.fr\/wp-content\/uploads\/2024\/04\/Verseuse-2024-1-scaled-600x669.jpg 600w, https:\/\/www.atelierpascaud.fr\/wp-content\/uploads\/2024\/04\/Verseuse-2024-1-269x300.jpg 269w, https:\/\/www.atelierpascaud.fr\/wp-content\/uploads\/2024\/04\/Verseuse-2024-1-768x857.jpg 768w, https:\/\/www.atelierpascaud.fr\/wp-content\/uploads\/2024\/04\/Verseuse-2024-1-1377x1536.jpg 1377w, https:\/\/www.atelierpascaud.fr\/wp-content\/uploads\/2024\/04\/Verseuse-2024-1-1836x2048.jpg 1836w\" sizes=\"auto, (max-width: 897px) 100vw, 897px\" \/><\/a><\/figure>\n<\/figure>\n\n\n\n<figure class=\"wp-block-gallery has-nested-images columns-default is-cropped wp-block-gallery-2 is-layout-flex wp-block-gallery-is-layout-flex\">\n<figure class=\"wp-block-image size-large\"><a href=\"https:\/\/www.atelierpascaud.fr\/index.php\/verseuse3\/\"><img loading=\"lazy\" decoding=\"async\" width=\"1024\" height=\"924\" data-id=\"223\" src=\"https:\/\/www.atelierpascaud.fr\/wp-content\/uploads\/2023\/07\/IMG_0498-1024x924.jpeg\" alt=\"\" class=\"wp-image-223\" srcset=\"https:\/\/www.atelierpascaud.fr\/wp-content\/uploads\/2023\/07\/IMG_0498-1024x924.jpeg 1024w, https:\/\/www.atelierpascaud.fr\/wp-content\/uploads\/2023\/07\/IMG_0498-600x541.jpeg 600w, https:\/\/www.atelierpascaud.fr\/wp-content\/uploads\/2023\/07\/IMG_0498-300x271.jpeg 300w, https:\/\/www.atelierpascaud.fr\/wp-content\/uploads\/2023\/07\/IMG_0498-768x693.jpeg 768w, https:\/\/www.atelierpascaud.fr\/wp-content\/uploads\/2023\/07\/IMG_0498-1536x1386.jpeg 1536w, https:\/\/www.atelierpascaud.fr\/wp-content\/uploads\/2023\/07\/IMG_0498.jpeg 1552w\" sizes=\"auto, (max-width: 1024px) 100vw, 1024px\" \/><\/a><\/figure>\n\n\n\n<figure class=\"wp-block-image size-full\"><a href=\"https:\/\/www.atelierpascaud.fr\/index.php\/verseuse-4\/\"><img loading=\"lazy\" decoding=\"async\" width=\"1763\" height=\"1785\" data-id=\"327\" src=\"https:\/\/www.atelierpascaud.fr\/wp-content\/uploads\/2023\/07\/IMG_05699.jpeg\" alt=\"\" class=\"wp-image-327\" srcset=\"https:\/\/www.atelierpascaud.fr\/wp-content\/uploads\/2023\/07\/IMG_05699.jpeg 1763w, https:\/\/www.atelierpascaud.fr\/wp-content\/uploads\/2023\/07\/IMG_05699-100x100.jpeg 100w, https:\/\/www.atelierpascaud.fr\/wp-content\/uploads\/2023\/07\/IMG_05699-600x607.jpeg 600w, https:\/\/www.atelierpascaud.fr\/wp-content\/uploads\/2023\/07\/IMG_05699-296x300.jpeg 296w, https:\/\/www.atelierpascaud.fr\/wp-content\/uploads\/2023\/07\/IMG_05699-1011x1024.jpeg 1011w, https:\/\/www.atelierpascaud.fr\/wp-content\/uploads\/2023\/07\/IMG_05699-768x778.jpeg 768w, https:\/\/www.atelierpascaud.fr\/wp-content\/uploads\/2023\/07\/IMG_05699-1517x1536.jpeg 1517w\" sizes=\"auto, (max-width: 1763px) 100vw, 1763px\" \/><\/a><\/figure>\n<\/figure>\n\n\n\n<figure class=\"wp-block-gallery has-nested-images columns-default is-cropped wp-block-gallery-3 is-layout-flex wp-block-gallery-is-layout-flex\">\n<figure class=\"wp-block-image size-large\"><a href=\"https:\/\/www.atelierpascaud.fr\/?page_id=1032\"><img loading=\"lazy\" decoding=\"async\" width=\"960\" height=\"1280\" data-id=\"1443\" src=\"https:\/\/www.atelierpascaud.fr\/wp-content\/uploads\/2025\/03\/Verseuse-6-4-edited-1.jpg\" alt=\"cruche en terre cuite\" class=\"wp-image-1443\" srcset=\"https:\/\/www.atelierpascaud.fr\/wp-content\/uploads\/2025\/03\/Verseuse-6-4-edited-1.jpg 960w, https:\/\/www.atelierpascaud.fr\/wp-content\/uploads\/2025\/03\/Verseuse-6-4-edited-1-600x800.jpg 600w, https:\/\/www.atelierpascaud.fr\/wp-content\/uploads\/2025\/03\/Verseuse-6-4-edited-1-225x300.jpg 225w, https:\/\/www.atelierpascaud.fr\/wp-content\/uploads\/2025\/03\/Verseuse-6-4-edited-1-750x1000.jpg 750w, https:\/\/www.atelierpascaud.fr\/wp-content\/uploads\/2025\/03\/Verseuse-6-4-edited-1-768x1024.jpg 768w\" sizes=\"auto, (max-width: 960px) 100vw, 960px\" \/><\/a><\/figure>\n\n\n\n<figure class=\"wp-block-image size-large\"><a href=\"https:\/\/www.atelierpascaud.fr\/index.php\/verseuse2\/\"><img loading=\"lazy\" decoding=\"async\" width=\"788\" height=\"1024\" data-id=\"318\" src=\"https:\/\/www.atelierpascaud.fr\/wp-content\/uploads\/2023\/07\/DSC012855-788x1024.jpg\" alt=\"\" class=\"wp-image-318\" srcset=\"https:\/\/www.atelierpascaud.fr\/wp-content\/uploads\/2023\/07\/DSC012855-788x1024.jpg 788w, https:\/\/www.atelierpascaud.fr\/wp-content\/uploads\/2023\/07\/DSC012855-scaled-600x779.jpg 600w, https:\/\/www.atelierpascaud.fr\/wp-content\/uploads\/2023\/07\/DSC012855-231x300.jpg 231w, https:\/\/www.atelierpascaud.fr\/wp-content\/uploads\/2023\/07\/DSC012855-768x998.jpg 768w, https:\/\/www.atelierpascaud.fr\/wp-content\/uploads\/2023\/07\/DSC012855-1183x1536.jpg 1183w, https:\/\/www.atelierpascaud.fr\/wp-content\/uploads\/2023\/07\/DSC012855-1577x2048.jpg 1577w, https:\/\/www.atelierpascaud.fr\/wp-content\/uploads\/2023\/07\/DSC012855-scaled.jpg 1971w\" sizes=\"auto, (max-width: 788px) 100vw, 788px\" \/><\/a><\/figure>\n\n\n\n<figure class=\"wp-block-image size-large\"><a href=\"https:\/\/www.atelierpascaud.fr\/index.php\/verseuse-5-2\/\"><img loading=\"lazy\" decoding=\"async\" width=\"795\" height=\"1060\" data-id=\"1442\" src=\"https:\/\/www.atelierpascaud.fr\/wp-content\/uploads\/2025\/03\/Verseuse-5-1-edited-1.jpg\" alt=\"cruche en terre cuite\" class=\"wp-image-1442\" srcset=\"https:\/\/www.atelierpascaud.fr\/wp-content\/uploads\/2025\/03\/Verseuse-5-1-edited-1.jpg 795w, https:\/\/www.atelierpascaud.fr\/wp-content\/uploads\/2025\/03\/Verseuse-5-1-edited-1-600x800.jpg 600w, https:\/\/www.atelierpascaud.fr\/wp-content\/uploads\/2025\/03\/Verseuse-5-1-edited-1-225x300.jpg 225w, https:\/\/www.atelierpascaud.fr\/wp-content\/uploads\/2025\/03\/Verseuse-5-1-edited-1-750x1000.jpg 750w, https:\/\/www.atelierpascaud.fr\/wp-content\/uploads\/2025\/03\/Verseuse-5-1-edited-1-768x1024.jpg 768w\" sizes=\"auto, (max-width: 795px) 100vw, 795px\" \/><\/a><\/figure>\n<\/figure>\n\n\n\n<div id=\"wp-block-themeisle-blocks-accordion-8a1faed1\" class=\"wp-block-themeisle-blocks-accordion exclusive\">\n<details class=\"wp-block-themeisle-blocks-accordion-item\"><summary class=\"wp-block-themeisle-blocks-accordion-item__title\"><div><em>En savoir plus&#8230;<\/em><\/div><\/summary><div class=\"wp-block-themeisle-blocks-accordion-item__content\">\n<p class=\"has-text-align-center\" style=\"font-size:16px\">Tr\u00e8s pr\u00e9sent dans l\u2019art c\u00e9ramique, l\u2019oiseau a r\u00e9guli\u00e8rement pr\u00eat\u00e9 ses formes aux objets destin\u00e9s \u00e0 verser des liquides. Pour son bec, \u00e9videmment. Mais aussi pour sa symbolique : pouvoir de liaison avec les divinit\u00e9s, symbole de l\u2019\u00e9l\u00e9vation de l\u2019\u00eatre vers les sph\u00e8res sup\u00e9rieures, il est pr\u00e9sent dans l\u2019accomplissement de nombreux rituels. Ainsi les verseuses avimorphes se retrouvent-elles tant dans la poterie pr\u00e9colombienne chim\u00fa que sous forme d\u2019aigui\u00e8res moyen-orientales, d\u2019aquamaniles m\u00e9di\u00e9vaux, d\u2019askos grecs ou \u00e9trusques\u2026 <\/p>\n\n\n\n<p class=\"has-text-align-center\" style=\"font-size:16px\">Objets divins ou banales cruches d&rsquo;argile, formes vivantes, myst\u00e9rieuses, c&rsquo;est dans cette lign\u00e9e que s&rsquo;inscrivent les <em>Verseuses<\/em>.<\/p>\n<\/div><\/details>\n<\/div>\n","protected":false},"excerpt":{"rendered":"<p>C\u00c9RAMIQUES &gt; VERSEUSES<\/p>\n","protected":false},"author":1,"featured_media":0,"parent":0,"menu_order":0,"comment_status":"closed","ping_status":"closed","template":"","meta":{"_themeisle_gutenberg_block_has_review":false,"footnotes":""},"class_list":["post-691","page","type-page","status-publish","hentry"],"_links":{"self":[{"href":"https:\/\/www.atelierpascaud.fr\/index.php\/wp-json\/wp\/v2\/pages\/691","targetHints":{"allow":["GET"]}}],"collection":[{"href":"https:\/\/www.atelierpascaud.fr\/index.php\/wp-json\/wp\/v2\/pages"}],"about":[{"href":"https:\/\/www.atelierpascaud.fr\/index.php\/wp-json\/wp\/v2\/types\/page"}],"author":[{"embeddable":true,"href":"https:\/\/www.atelierpascaud.fr\/index.php\/wp-json\/wp\/v2\/users\/1"}],"replies":[{"embeddable":true,"href":"https:\/\/www.atelierpascaud.fr\/index.php\/wp-json\/wp\/v2\/comments?post=691"}],"version-history":[{"count":47,"href":"https:\/\/www.atelierpascaud.fr\/index.php\/wp-json\/wp\/v2\/pages\/691\/revisions"}],"predecessor-version":[{"id":1508,"href":"https:\/\/www.atelierpascaud.fr\/index.php\/wp-json\/wp\/v2\/pages\/691\/revisions\/1508"}],"wp:attachment":[{"href":"https:\/\/www.atelierpascaud.fr\/index.php\/wp-json\/wp\/v2\/media?parent=691"}],"curies":[{"name":"wp","href":"https:\/\/api.w.org\/{rel}","templated":true}]}}