{"id":1540,"date":"2025-03-18T09:04:29","date_gmt":"2025-03-18T08:04:29","guid":{"rendered":"https:\/\/www.atelierpascaud.fr\/?page_id=1540"},"modified":"2025-03-18T18:59:15","modified_gmt":"2025-03-18T17:59:15","slug":"laques-dargile-3-2","status":"publish","type":"page","link":"https:\/\/www.atelierpascaud.fr\/index.php\/laques-dargile-3-2\/","title":{"rendered":"laques d&rsquo;argile 3"},"content":{"rendered":"\n<p><a href=\"https:\/\/www.atelierpascaud.fr\/index.php\/ceramiques\/\" data-type=\"page\" data-id=\"2\">C\u00c9RAMIQUES<\/a>&gt;<a href=\"https:\/\/www.atelierpascaud.fr\/index.php\/laquesdargile\/\">  LAQUES D&rsquo;ARGILE<\/a>&gt;<\/p>\n\n\n\n<div id=\"wp-block-themeisle-blocks-advanced-columns-8475323c\" class=\"wp-block-themeisle-blocks-advanced-columns has-1-columns has-desktop-equal-layout has-tablet-equal-layout has-mobile-collapsedRows-layout has-vertical-unset\"><div class=\"wp-block-themeisle-blocks-advanced-columns-overlay\"><\/div><div class=\"innerblocks-wrap\">\n<div id=\"wp-block-themeisle-blocks-advanced-column-18ed1dd5\" class=\"wp-block-themeisle-blocks-advanced-column\">\n<figure class=\"wp-block-gallery has-nested-images columns-default is-cropped wp-block-gallery-1 is-layout-flex wp-block-gallery-is-layout-flex\">\n<figure class=\"wp-block-image size-large\"><a href=\"https:\/\/www.atelierpascaud.fr\/wp-content\/uploads\/2025\/03\/IMG_3220-1-scaled.jpeg\" data-rel=\"lightbox-image-0\" data-rl_title=\"\" data-rl_caption=\"\" title=\"\"><img loading=\"lazy\" decoding=\"async\" width=\"750\" height=\"1000\" data-id=\"1548\" src=\"https:\/\/www.atelierpascaud.fr\/wp-content\/uploads\/2025\/03\/IMG_3220-1-750x1000.jpeg\" alt=\"\" class=\"wp-image-1548\" srcset=\"https:\/\/www.atelierpascaud.fr\/wp-content\/uploads\/2025\/03\/IMG_3220-1-750x1000.jpeg 750w, https:\/\/www.atelierpascaud.fr\/wp-content\/uploads\/2025\/03\/IMG_3220-1-scaled-600x800.jpeg 600w, https:\/\/www.atelierpascaud.fr\/wp-content\/uploads\/2025\/03\/IMG_3220-1-225x300.jpeg 225w, https:\/\/www.atelierpascaud.fr\/wp-content\/uploads\/2025\/03\/IMG_3220-1-768x1024.jpeg 768w, https:\/\/www.atelierpascaud.fr\/wp-content\/uploads\/2025\/03\/IMG_3220-1-1152x1536.jpeg 1152w, https:\/\/www.atelierpascaud.fr\/wp-content\/uploads\/2025\/03\/IMG_3220-1-1536x2048.jpeg 1536w, https:\/\/www.atelierpascaud.fr\/wp-content\/uploads\/2025\/03\/IMG_3220-1-scaled.jpeg 1920w\" sizes=\"auto, (max-width: 750px) 100vw, 750px\" \/><\/a><\/figure>\n\n\n\n<figure class=\"wp-block-image size-large\"><a href=\"https:\/\/www.atelierpascaud.fr\/wp-content\/uploads\/2025\/03\/IMG_3221-scaled.jpg\" data-rel=\"lightbox-image-1\" data-rl_title=\"\" data-rl_caption=\"\" title=\"\"><img loading=\"lazy\" decoding=\"async\" width=\"750\" height=\"1000\" data-id=\"1543\" src=\"https:\/\/www.atelierpascaud.fr\/wp-content\/uploads\/2025\/03\/IMG_3221-750x1000.jpg\" alt=\"\" class=\"wp-image-1543\" srcset=\"https:\/\/www.atelierpascaud.fr\/wp-content\/uploads\/2025\/03\/IMG_3221-750x1000.jpg 750w, https:\/\/www.atelierpascaud.fr\/wp-content\/uploads\/2025\/03\/IMG_3221-scaled-600x800.jpg 600w, https:\/\/www.atelierpascaud.fr\/wp-content\/uploads\/2025\/03\/IMG_3221-225x300.jpg 225w, https:\/\/www.atelierpascaud.fr\/wp-content\/uploads\/2025\/03\/IMG_3221-768x1024.jpg 768w, https:\/\/www.atelierpascaud.fr\/wp-content\/uploads\/2025\/03\/IMG_3221-1152x1536.jpg 1152w, https:\/\/www.atelierpascaud.fr\/wp-content\/uploads\/2025\/03\/IMG_3221-1536x2048.jpg 1536w, https:\/\/www.atelierpascaud.fr\/wp-content\/uploads\/2025\/03\/IMG_3221-scaled.jpg 1920w\" sizes=\"auto, (max-width: 750px) 100vw, 750px\" \/><\/a><\/figure>\n\n\n\n<figure class=\"wp-block-image size-large\"><a href=\"https:\/\/www.atelierpascaud.fr\/wp-content\/uploads\/2025\/03\/IMG_3223-scaled.jpg\" data-rel=\"lightbox-image-2\" data-rl_title=\"\" data-rl_caption=\"\" title=\"\"><img loading=\"lazy\" decoding=\"async\" width=\"750\" height=\"1000\" data-id=\"1541\" src=\"https:\/\/www.atelierpascaud.fr\/wp-content\/uploads\/2025\/03\/IMG_3223-750x1000.jpg\" alt=\"\" class=\"wp-image-1541\" srcset=\"https:\/\/www.atelierpascaud.fr\/wp-content\/uploads\/2025\/03\/IMG_3223-750x1000.jpg 750w, https:\/\/www.atelierpascaud.fr\/wp-content\/uploads\/2025\/03\/IMG_3223-scaled-600x800.jpg 600w, https:\/\/www.atelierpascaud.fr\/wp-content\/uploads\/2025\/03\/IMG_3223-225x300.jpg 225w, https:\/\/www.atelierpascaud.fr\/wp-content\/uploads\/2025\/03\/IMG_3223-768x1024.jpg 768w, https:\/\/www.atelierpascaud.fr\/wp-content\/uploads\/2025\/03\/IMG_3223-1152x1536.jpg 1152w, https:\/\/www.atelierpascaud.fr\/wp-content\/uploads\/2025\/03\/IMG_3223-1536x2048.jpg 1536w, https:\/\/www.atelierpascaud.fr\/wp-content\/uploads\/2025\/03\/IMG_3223-scaled.jpg 1920w\" sizes=\"auto, (max-width: 750px) 100vw, 750px\" \/><\/a><\/figure>\n<\/figure>\n\n\n\n<figure class=\"wp-block-gallery has-nested-images columns-4 is-cropped wp-block-gallery-2 is-layout-flex wp-block-gallery-is-layout-flex\">\n<figure class=\"wp-block-image size-large\"><a href=\"https:\/\/www.atelierpascaud.fr\/wp-content\/uploads\/2025\/03\/IMG_3227-scaled.jpg\" data-rel=\"lightbox-image-3\" data-rl_title=\"\" data-rl_caption=\"\" title=\"\"><img loading=\"lazy\" decoding=\"async\" width=\"872\" height=\"1000\" data-id=\"1546\" src=\"https:\/\/www.atelierpascaud.fr\/wp-content\/uploads\/2025\/03\/IMG_3227-872x1000.jpg\" alt=\"\" class=\"wp-image-1546\" srcset=\"https:\/\/www.atelierpascaud.fr\/wp-content\/uploads\/2025\/03\/IMG_3227-872x1000.jpg 872w, https:\/\/www.atelierpascaud.fr\/wp-content\/uploads\/2025\/03\/IMG_3227-scaled-600x688.jpg 600w, https:\/\/www.atelierpascaud.fr\/wp-content\/uploads\/2025\/03\/IMG_3227-262x300.jpg 262w, https:\/\/www.atelierpascaud.fr\/wp-content\/uploads\/2025\/03\/IMG_3227-768x881.jpg 768w, https:\/\/www.atelierpascaud.fr\/wp-content\/uploads\/2025\/03\/IMG_3227-1339x1536.jpg 1339w, https:\/\/www.atelierpascaud.fr\/wp-content\/uploads\/2025\/03\/IMG_3227-1785x2048.jpg 1785w\" sizes=\"auto, (max-width: 872px) 100vw, 872px\" \/><\/a><\/figure>\n\n\n\n<figure class=\"wp-block-image size-large\"><a href=\"https:\/\/www.atelierpascaud.fr\/wp-content\/uploads\/2025\/03\/IMG_3226-scaled.jpg\" data-rel=\"lightbox-image-4\" data-rl_title=\"\" data-rl_caption=\"\" title=\"\"><img loading=\"lazy\" decoding=\"async\" width=\"2560\" height=\"2289\" data-id=\"1545\" src=\"https:\/\/www.atelierpascaud.fr\/wp-content\/uploads\/2025\/03\/IMG_3226-scaled.jpg\" alt=\"\" class=\"wp-image-1545\" srcset=\"https:\/\/www.atelierpascaud.fr\/wp-content\/uploads\/2025\/03\/IMG_3226-scaled.jpg 2560w, https:\/\/www.atelierpascaud.fr\/wp-content\/uploads\/2025\/03\/IMG_3226-scaled-600x536.jpg 600w, https:\/\/www.atelierpascaud.fr\/wp-content\/uploads\/2025\/03\/IMG_3226-300x268.jpg 300w\" sizes=\"auto, (max-width: 2560px) 100vw, 2560px\" \/><\/a><\/figure>\n\n\n\n<figure class=\"wp-block-image size-large\"><a href=\"https:\/\/www.atelierpascaud.fr\/wp-content\/uploads\/2025\/03\/IMG_3225-scaled.jpg\" data-rel=\"lightbox-image-5\" data-rl_title=\"\" data-rl_caption=\"\" title=\"\"><img loading=\"lazy\" decoding=\"async\" width=\"1000\" height=\"944\" data-id=\"1544\" src=\"https:\/\/www.atelierpascaud.fr\/wp-content\/uploads\/2025\/03\/IMG_3225-1000x944.jpg\" alt=\"\" class=\"wp-image-1544\" srcset=\"https:\/\/www.atelierpascaud.fr\/wp-content\/uploads\/2025\/03\/IMG_3225-1000x944.jpg 1000w, https:\/\/www.atelierpascaud.fr\/wp-content\/uploads\/2025\/03\/IMG_3225-scaled-600x566.jpg 600w, https:\/\/www.atelierpascaud.fr\/wp-content\/uploads\/2025\/03\/IMG_3225-300x283.jpg 300w, https:\/\/www.atelierpascaud.fr\/wp-content\/uploads\/2025\/03\/IMG_3225-768x725.jpg 768w, https:\/\/www.atelierpascaud.fr\/wp-content\/uploads\/2025\/03\/IMG_3225-1536x1450.jpg 1536w, https:\/\/www.atelierpascaud.fr\/wp-content\/uploads\/2025\/03\/IMG_3225-2048x1934.jpg 2048w\" sizes=\"auto, (max-width: 1000px) 100vw, 1000px\" \/><\/a><\/figure>\n\n\n\n<figure class=\"wp-block-image size-large\"><a href=\"https:\/\/www.atelierpascaud.fr\/wp-content\/uploads\/2025\/03\/IMG_3228-scaled.jpg\" data-rel=\"lightbox-image-6\" data-rl_title=\"\" data-rl_caption=\"\" title=\"\"><img loading=\"lazy\" decoding=\"async\" width=\"841\" height=\"1000\" data-id=\"1547\" src=\"https:\/\/www.atelierpascaud.fr\/wp-content\/uploads\/2025\/03\/IMG_3228-841x1000.jpg\" alt=\"\" class=\"wp-image-1547\" srcset=\"https:\/\/www.atelierpascaud.fr\/wp-content\/uploads\/2025\/03\/IMG_3228-841x1000.jpg 841w, https:\/\/www.atelierpascaud.fr\/wp-content\/uploads\/2025\/03\/IMG_3228-scaled-600x713.jpg 600w, https:\/\/www.atelierpascaud.fr\/wp-content\/uploads\/2025\/03\/IMG_3228-252x300.jpg 252w, https:\/\/www.atelierpascaud.fr\/wp-content\/uploads\/2025\/03\/IMG_3228-768x913.jpg 768w, https:\/\/www.atelierpascaud.fr\/wp-content\/uploads\/2025\/03\/IMG_3228-1292x1536.jpg 1292w, https:\/\/www.atelierpascaud.fr\/wp-content\/uploads\/2025\/03\/IMG_3228-1723x2048.jpg 1723w\" sizes=\"auto, (max-width: 841px) 100vw, 841px\" \/><\/a><\/figure>\n<\/figure>\n<\/div>\n<\/div><\/div>\n\n\n\n<p class=\"has-text-align-center has-small-font-size\" style=\"margin-top:0;margin-right:var(--wp--preset--spacing--80);margin-bottom:0;margin-left:var(--wp--preset--spacing--80)\"><em>terre sigill\u00e9e noire<\/em><\/p>\n\n\n\n<div id=\"wp-block-themeisle-blocks-advanced-columns-0827b58e\" class=\"wp-block-themeisle-blocks-advanced-columns has-1-columns has-desktop-equal-layout has-tablet-equal-layout has-mobile-equal-layout has-vertical-unset\"><div class=\"wp-block-themeisle-blocks-advanced-columns-overlay\"><\/div><div class=\"innerblocks-wrap\">\n<div id=\"wp-block-themeisle-blocks-advanced-column-78fcd645\" class=\"wp-block-themeisle-blocks-advanced-column\">\n<figure class=\"wp-block-gallery has-nested-images columns-default is-cropped wp-block-gallery-3 is-layout-flex wp-block-gallery-is-layout-flex\">\n<figure class=\"wp-block-image size-large\"><a href=\"https:\/\/www.atelierpascaud.fr\/wp-content\/uploads\/2025\/03\/IMG_3242-scaled.jpg\" data-rel=\"lightbox-image-7\" data-rl_title=\"\" data-rl_caption=\"\" title=\"\"><img loading=\"lazy\" decoding=\"async\" width=\"750\" height=\"1000\" data-id=\"1558\" src=\"https:\/\/www.atelierpascaud.fr\/wp-content\/uploads\/2025\/03\/IMG_3242-750x1000.jpg\" alt=\"\" class=\"wp-image-1558\" srcset=\"https:\/\/www.atelierpascaud.fr\/wp-content\/uploads\/2025\/03\/IMG_3242-750x1000.jpg 750w, https:\/\/www.atelierpascaud.fr\/wp-content\/uploads\/2025\/03\/IMG_3242-scaled-600x800.jpg 600w, https:\/\/www.atelierpascaud.fr\/wp-content\/uploads\/2025\/03\/IMG_3242-225x300.jpg 225w, https:\/\/www.atelierpascaud.fr\/wp-content\/uploads\/2025\/03\/IMG_3242-768x1024.jpg 768w, https:\/\/www.atelierpascaud.fr\/wp-content\/uploads\/2025\/03\/IMG_3242-1152x1536.jpg 1152w, https:\/\/www.atelierpascaud.fr\/wp-content\/uploads\/2025\/03\/IMG_3242-1536x2048.jpg 1536w, https:\/\/www.atelierpascaud.fr\/wp-content\/uploads\/2025\/03\/IMG_3242-scaled.jpg 1920w\" sizes=\"auto, (max-width: 750px) 100vw, 750px\" \/><\/a><\/figure>\n\n\n\n<figure class=\"wp-block-image size-large\"><a href=\"https:\/\/www.atelierpascaud.fr\/wp-content\/uploads\/2025\/03\/IMG_3243-scaled.jpg\" data-rel=\"lightbox-image-8\" data-rl_title=\"\" data-rl_caption=\"\" title=\"\"><img loading=\"lazy\" decoding=\"async\" width=\"750\" height=\"1000\" data-id=\"1559\" src=\"https:\/\/www.atelierpascaud.fr\/wp-content\/uploads\/2025\/03\/IMG_3243-750x1000.jpg\" alt=\"\" class=\"wp-image-1559\" srcset=\"https:\/\/www.atelierpascaud.fr\/wp-content\/uploads\/2025\/03\/IMG_3243-750x1000.jpg 750w, https:\/\/www.atelierpascaud.fr\/wp-content\/uploads\/2025\/03\/IMG_3243-scaled-600x800.jpg 600w, https:\/\/www.atelierpascaud.fr\/wp-content\/uploads\/2025\/03\/IMG_3243-225x300.jpg 225w, https:\/\/www.atelierpascaud.fr\/wp-content\/uploads\/2025\/03\/IMG_3243-768x1024.jpg 768w, https:\/\/www.atelierpascaud.fr\/wp-content\/uploads\/2025\/03\/IMG_3243-1152x1536.jpg 1152w, https:\/\/www.atelierpascaud.fr\/wp-content\/uploads\/2025\/03\/IMG_3243-1536x2048.jpg 1536w, https:\/\/www.atelierpascaud.fr\/wp-content\/uploads\/2025\/03\/IMG_3243-scaled.jpg 1920w\" sizes=\"auto, (max-width: 750px) 100vw, 750px\" \/><\/a><\/figure>\n<\/figure>\n<\/div>\n<\/div><\/div>\n\n\n\n<p class=\"has-text-align-center has-small-font-size\" style=\"margin-top:0;margin-right:var(--wp--preset--spacing--80);margin-bottom:0;margin-left:var(--wp--preset--spacing--80)\"><em>terre sigill\u00e9e rouge<\/em><\/p>\n\n\n\n<div style=\"height:200px\" aria-hidden=\"true\" class=\"wp-block-spacer\"><\/div>\n","protected":false},"excerpt":{"rendered":"<p>C\u00c9RAMIQUES&gt; LAQUES D&rsquo;ARGILE&gt; terre sigill\u00e9e noire terre sigill\u00e9e rouge<\/p>\n","protected":false},"author":1,"featured_media":0,"parent":0,"menu_order":0,"comment_status":"closed","ping_status":"closed","template":"","meta":{"_themeisle_gutenberg_block_has_review":false,"footnotes":""},"class_list":["post-1540","page","type-page","status-publish","hentry"],"_links":{"self":[{"href":"https:\/\/www.atelierpascaud.fr\/index.php\/wp-json\/wp\/v2\/pages\/1540","targetHints":{"allow":["GET"]}}],"collection":[{"href":"https:\/\/www.atelierpascaud.fr\/index.php\/wp-json\/wp\/v2\/pages"}],"about":[{"href":"https:\/\/www.atelierpascaud.fr\/index.php\/wp-json\/wp\/v2\/types\/page"}],"author":[{"embeddable":true,"href":"https:\/\/www.atelierpascaud.fr\/index.php\/wp-json\/wp\/v2\/users\/1"}],"replies":[{"embeddable":true,"href":"https:\/\/www.atelierpascaud.fr\/index.php\/wp-json\/wp\/v2\/comments?post=1540"}],"version-history":[{"count":7,"href":"https:\/\/www.atelierpascaud.fr\/index.php\/wp-json\/wp\/v2\/pages\/1540\/revisions"}],"predecessor-version":[{"id":1642,"href":"https:\/\/www.atelierpascaud.fr\/index.php\/wp-json\/wp\/v2\/pages\/1540\/revisions\/1642"}],"wp:attachment":[{"href":"https:\/\/www.atelierpascaud.fr\/index.php\/wp-json\/wp\/v2\/media?parent=1540"}],"curies":[{"name":"wp","href":"https:\/\/api.w.org\/{rel}","templated":true}]}}